{"id":2551,"date":"2025-06-20T10:41:58","date_gmt":"2025-06-20T08:41:58","guid":{"rendered":"https:\/\/techandtrust.com\/?page_id=2551"},"modified":"2025-06-20T17:45:48","modified_gmt":"2025-06-20T15:45:48","slug":"cgu","status":"publish","type":"page","link":"https:\/\/techandtrust.com\/index.php\/cgu\/","title":{"rendered":"CGU"},"content":{"rendered":"\t\t<div data-elementor-type=\"wp-page\" data-elementor-id=\"2551\" class=\"elementor elementor-2551\" data-elementor-post-type=\"page\">\n\t\t\t\t<div class=\"elementor-element elementor-element-e647e65 e-flex e-con-boxed e-con e-parent\" data-id=\"e647e65\" data-element_type=\"container\" data-e-type=\"container\" data-settings=\"{&quot;background_background&quot;:&quot;classic&quot;,&quot;background_motion_fx_motion_fx_scrolling&quot;:&quot;yes&quot;,&quot;background_motion_fx_devices&quot;:[&quot;desktop&quot;,&quot;tablet&quot;,&quot;mobile&quot;]}\">\n\t\t\t\t\t<div class=\"e-con-inner\">\n\t\t<div class=\"elementor-element elementor-element-0dae803 e-con-full e-flex e-con e-child\" data-id=\"0dae803\" data-element_type=\"container\" data-e-type=\"container\">\n\t\t\t\t<div class=\"elementor-element elementor-element-f7b14e7 elementor-invisible elementor-widget elementor-widget-heading\" data-id=\"f7b14e7\" data-element_type=\"widget\" data-e-type=\"widget\" data-settings=\"{&quot;_animation&quot;:&quot;fadeInUp&quot;,&quot;_animation_delay&quot;:200}\" data-widget_type=\"heading.default\">\n\t\t\t\t<div class=\"elementor-widget-container\">\n\t\t\t\t\t<h1 class=\"elementor-heading-title elementor-size-default\">Conditions g\u00e9n\u00e9rales d'utilisation<\/h1>\t\t\t\t<\/div>\n\t\t\t\t<\/div>\n\t\t\t\t<\/div>\n\t\t\t\t\t<\/div>\n\t\t\t\t<\/div>\n\t\t<div class=\"elementor-element elementor-element-ce71aef e-flex e-con-boxed e-con e-parent\" data-id=\"ce71aef\" data-element_type=\"container\" data-e-type=\"container\">\n\t\t\t\t\t<div class=\"e-con-inner\">\n\t\t\t\t<div class=\"elementor-element elementor-element-dfb5f5f elementor-widget elementor-widget-text-editor\" data-id=\"dfb5f5f\" data-element_type=\"widget\" data-e-type=\"widget\" data-widget_type=\"text-editor.default\">\n\t\t\t\t<div class=\"elementor-widget-container\">\n\t\t\t\t\t\t\t\t\t<p>Les pr\u00e9sentes conditions g\u00e9n\u00e9rales d\u2019utilisation (ci-apr\u00e8s les \u00ab CGU \u00bb) du site internet www.TechAndTrust.com ont pour objet l\u2019encadrement juridique des modalit\u00e9s de mise \u00e0 disposition du site exploit\u00e9 par la soci\u00e9t\u00e9 TechAndTrust Consulting, (ci-apr\u00e8s le \u00ab Site \u00bb), soci\u00e9t\u00e9 par actions simplifi\u00e9e au capital social de 449 866 euros, inscrite au RCS de Nanterre sous le num\u00e9ro 924\u00a0930\u00a0456, dont le si\u00e8ge social est situ\u00e9 57, avenue Girardin Binet, 92 700 Colombes.<\/p><p>L\u2019utilisation du Site emporte une acceptation sans r\u00e9serve par \u00ab\u00a0l\u2019Utilisateur\u00a0\u00bb des pr\u00e9sentes CGU, celui-ci d\u00e9clarant et reconnaissant ainsi avoir lu l\u2019int\u00e9gralit\u00e9 des termes des pr\u00e9sentes CGU.<\/p><p>Si vous \u00eates en d\u00e9saccord avec certaines clauses figurant dans les CGU, nous vous invitons \u00e0 ne pas utiliser le Site.<\/p><h4><strong>1 \u2013 Objet<\/strong><\/h4><p>Les pr\u00e9sentes CGU ont pour objet de d\u00e9finir les conditions dans lesquelles TechAndTrust Consulting met \u00e0 la disposition de tout utilisateur (ci-apr\u00e8s \u00ab Utilisateur \u00bb, \u00ab vous \u00bb, \u00ab vos \u00bb) le Site qui a notamment pour objet l\u2019information sur nos services et nos activit\u00e9s.<\/p><h4><strong>2 \u2013 Acc\u00e8s et utilisation du site<\/strong><\/h4><p>L\u2019acc\u00e8s au Site est gratuit et libre pour tout Utilisateur ayant un acc\u00e8s \u00e0 internet. Tous les frais aff\u00e9rents \u00e0 l\u2019acc\u00e8s, que ce soit les frais mat\u00e9riels, logiciels ou d\u2019acc\u00e8s \u00e0 internet sont exclusivement \u00e0 la charge de l\u2019Utilisateur. Il est seul responsable du bon fonctionnement de son \u00e9quipement informatique ainsi que de son acc\u00e8s \u00e0 internet.<\/p><p>L\u2019Utilisateur indique disposer des comp\u00e9tences, connaissances et moyens techniques n\u00e9cessaires \u00e0 l\u2019acc\u00e8s et utilisation du pr\u00e9sent site. L\u2019utilisateur est seul responsable de son acc\u00e8s au site.<\/p><p>L\u2019acc\u00e8s au site peut \u00eatre limit\u00e9 ou interrompu \u00e0 tout moment pour des raisons de maintenance, modification, rectification, am\u00e9lioration et\/ou changement.<\/p><p>L\u2019Utilisateur s\u2019engage \u00e0 utiliser le Site sous sa responsabilit\u00e9 exclusive et d\u2019en faire un usage conforme \u00e0 la l\u00e9gislation fran\u00e7aise.<\/p><h4><strong>3 \u2013 Donn\u00e9es personnelles \u2013 cookies<\/strong><\/h4><p>Conform\u00e9ment \u00e0 r\u00e9glementation applicable en mati\u00e8re de donn\u00e9es personnelles, et notamment au R\u00e8glement G\u00e9n\u00e9ral sur la Protection des Donn\u00e9es 2016\/679 du 27 Avril 2016 (\u00ab RGPD \u00bb) et \u00e0 la loi Informatique et libert\u00e9s modifi\u00e9e, les Utilisateurs b\u00e9n\u00e9ficient d\u2019un droits d\u2019acc\u00e8s, de rectification, d\u2019effacement ou d\u2019opposition pour des motifs l\u00e9gitimes au traitement des donn\u00e9es personnelles collect\u00e9es sur le site, de limitation du traitement, de retirer le consentement et du droit \u00e0 la portabilit\u00e9 de leurs donn\u00e9es ainsi que de d\u00e9finir des directives relatives \u00e0 la conservation ou \u00e0 l\u2019utilisation de leurs donn\u00e9es personnelles apr\u00e8s leur d\u00e9c\u00e8s.<\/p><p>Pour faire valoir leurs droits, les Utilisateurs doivent adresser \u00e0 TechAndTrust Consulting \u00e0 l\u2019adresse mentionn\u00e9e pr\u00e9c\u00e9demment un courrier et joindre un justificatif de leur identit\u00e9.<\/p><p>Les Utilisateurs peuvent \u00e9galement adresser une r\u00e9clamation aupr\u00e8s de la CNIL concernant la collecte et le traitement de leurs donn\u00e9es.<br \/>Pour davantage d\u2019information sur la collecte et le traitement des donn\u00e9es des Utilisateurs, nous vous prions de vous r\u00e9f\u00e9rer \u00e0 notre charte de protection des donn\u00e9es \u00e0 caract\u00e8re personnel.<\/p><h4><strong>4 \u2013 Liens vers d\u2019autres sites<\/strong><\/h4><p>Certains liens figurant sur le site am\u00e8nent l\u2019utilisateur hors du site de TechAndTrust Consulting. Ces liens sont fournis pour faciliter la navigation de l\u2019utilisateur, et n\u2019impliquent aucune validation ni approbation de ces sites par TechAndTrust Consulting qui ne contr\u00f4le pas ces sites et n\u2019est nullement responsable de leur contenu.<\/p><h4><strong>5 \u2013 Propri\u00e9t\u00e9 intellectuelle<\/strong><\/h4><p>TechAndTrust Consulting est titulaire des droits de propri\u00e9t\u00e9 intellectuelle, ou d\u00e9tient les droits n\u00e9cessaires, sur tous les \u00e9l\u00e9ments constituant le Site tels que les d\u00e9veloppements informatiques et logiciels, les bases de donn\u00e9es, les documentations, rapports, innovations, \u00e9l\u00e9ments visuels, graphismes, textes, marques et logos.<\/p><p>L\u2019Utilisateur doit solliciter l\u2019autorisation pr\u00e9alable du site pour toute reproduction, publication, copie des diff\u00e9rents contenus.<\/p><p>Toute contravention aux dispositions du pr\u00e9sent article pourra \u00eatre constitutive d\u2019un acte de contrefa\u00e7on ou de concurrence d\u00e9loyale\/parasitisme et engage \u00e0 ce titre la responsabilit\u00e9 civile et p\u00e9nale de son auteur conform\u00e9ment au Code de la propri\u00e9t\u00e9 intellectuelle.<\/p><p>Nous rappelons que conform\u00e9ment \u00e0 l\u2019article L122-5 du Code de propri\u00e9t\u00e9 intellectuelle, l\u2019Utilisateur qui reproduit, copie ou publie le contenu prot\u00e9g\u00e9 doit citer l\u2019auteur et sa source.<\/p><h4><strong>6 \u2013 Engagements de l\u2019utilisateur<\/strong><\/h4><p>En visitant le Site, vous acceptez de (i) ne pas utiliser le Site \u00e0 des fins illicites; (ii) ne pas utiliser le Site d\u2019une fa\u00e7on qui pourrait interrompre, endommager, nuire au Site ou rendre le Site moins efficace; (iii) ne pas transf\u00e9rer des fichiers contenant des virus, chevaux de Troie ou tout autre programme informatique nuisible; (iv) ne pas tenter de contourner les mesures de s\u00e9curit\u00e9 du Site; et\/ou (v) ne pas utiliser le Site d\u2019une mani\u00e8re qui porterait atteinte \u00e0 la r\u00e9putation, au nom ou \u00e0 l\u2019image de TechAndTrust Consulting.<\/p><h4><strong>7 \u2013 Dispositions diverses<\/strong><\/h4><p>Les pr\u00e9sentes CGU sont susceptibles d\u2019\u00eatre modifi\u00e9es par la soci\u00e9t\u00e9 TechAndTrust Consulting afin de tenir compte, notamment et sans que cette liste soit limitative, des \u00e9volutions r\u00e9glementaires, des am\u00e9liorations apport\u00e9es au Site et de toute modification intervenue dans les conditions d\u2019utilisation. Les CGU \u00e0 jour sont disponibles sur le Site.<\/p><p>Les CGU sont soumises au droit fran\u00e7ais. Toute contestation ou litige survenant \u00e0 l\u2019occasion de l\u2019utilisation du Site sera soumise \u00e0 la comp\u00e9tence exclusive du Tribunal de commerce de Nanterre y compris en cas d\u2019appel en garantie ou de pluralit\u00e9 de d\u00e9fendeurs.<\/p>\t\t\t\t\t\t\t\t<\/div>\n\t\t\t\t<\/div>\n\t\t\t\t\t<\/div>\n\t\t\t\t<\/div>\n\t\t\t\t<\/div>\n\t\t","protected":false},"excerpt":{"rendered":"<p>Conditions g\u00e9n\u00e9rales d&rsquo;utilisation Les pr\u00e9sentes conditions g\u00e9n\u00e9rales d\u2019utilisation (ci-apr\u00e8s les \u00ab CGU \u00bb) du site internet www.TechAndTrust.com ont pour objet l\u2019encadrement juridique des modalit\u00e9s de mise \u00e0 disposition du site exploit\u00e9 par la soci\u00e9t\u00e9 TechAndTrust Consulting, (ci-apr\u00e8s le \u00ab Site \u00bb), soci\u00e9t\u00e9 par actions simplifi\u00e9e au capital social de 449 866 euros, inscrite au RCS [&hellip;]<\/p>\n","protected":false},"author":1,"featured_media":0,"parent":0,"menu_order":0,"comment_status":"closed","ping_status":"closed","template":"elementor_header_footer","meta":{"footnotes":""},"class_list":["post-2551","page","type-page","status-publish","hentry"],"yoast_head":"<!-- This site is optimized with the Yoast SEO plugin v27.5 - https:\/\/yoast.com\/product\/yoast-seo-wordpress\/ -->\n<title>CGU - TechAndTrust<\/title>\n<meta name=\"robots\" content=\"index, follow, max-snippet:-1, max-image-preview:large, max-video-preview:-1\" \/>\n<link rel=\"canonical\" href=\"https:\/\/techandtrust.com\/index.php\/cgu\/\" \/>\n<meta property=\"og:locale\" content=\"fr_FR\" \/>\n<meta property=\"og:type\" content=\"article\" \/>\n<meta property=\"og:title\" content=\"CGU - TechAndTrust\" \/>\n<meta property=\"og:description\" content=\"Conditions g\u00e9n\u00e9rales d&rsquo;utilisation Les pr\u00e9sentes conditions g\u00e9n\u00e9rales d\u2019utilisation (ci-apr\u00e8s les \u00ab CGU \u00bb) du site internet www.TechAndTrust.com ont pour objet l\u2019encadrement juridique des modalit\u00e9s de mise \u00e0 disposition du site exploit\u00e9 par la soci\u00e9t\u00e9 TechAndTrust Consulting, (ci-apr\u00e8s le \u00ab Site \u00bb), soci\u00e9t\u00e9 par actions simplifi\u00e9e au capital social de 449 866 euros, inscrite au RCS [&hellip;]\" \/>\n<meta property=\"og:url\" content=\"https:\/\/techandtrust.com\/index.php\/cgu\/\" \/>\n<meta property=\"og:site_name\" content=\"TechAndTrust\" \/>\n<meta property=\"article:modified_time\" content=\"2025-06-20T15:45:48+00:00\" \/>\n<meta name=\"twitter:card\" content=\"summary_large_image\" \/>\n<meta name=\"twitter:label1\" content=\"Dur\u00e9e de lecture estim\u00e9e\" \/>\n\t<meta name=\"twitter:data1\" content=\"5 minutes\" \/>\n<script type=\"application\/ld+json\" class=\"yoast-schema-graph\">{\"@context\":\"https:\\\/\\\/schema.org\",\"@graph\":[{\"@type\":\"WebPage\",\"@id\":\"https:\\\/\\\/techandtrust.com\\\/index.php\\\/cgu\\\/\",\"url\":\"https:\\\/\\\/techandtrust.com\\\/index.php\\\/cgu\\\/\",\"name\":\"CGU - TechAndTrust\",\"isPartOf\":{\"@id\":\"https:\\\/\\\/techandtrust.com\\\/#website\"},\"datePublished\":\"2025-06-20T08:41:58+00:00\",\"dateModified\":\"2025-06-20T15:45:48+00:00\",\"breadcrumb\":{\"@id\":\"https:\\\/\\\/techandtrust.com\\\/index.php\\\/cgu\\\/#breadcrumb\"},\"inLanguage\":\"fr-FR\",\"potentialAction\":[{\"@type\":\"ReadAction\",\"target\":[\"https:\\\/\\\/techandtrust.com\\\/index.php\\\/cgu\\\/\"]}]},{\"@type\":\"BreadcrumbList\",\"@id\":\"https:\\\/\\\/techandtrust.com\\\/index.php\\\/cgu\\\/#breadcrumb\",\"itemListElement\":[{\"@type\":\"ListItem\",\"position\":1,\"name\":\"Accueil\",\"item\":\"https:\\\/\\\/techandtrust.com\\\/\"},{\"@type\":\"ListItem\",\"position\":2,\"name\":\"CGU\"}]},{\"@type\":\"WebSite\",\"@id\":\"https:\\\/\\\/techandtrust.com\\\/#website\",\"url\":\"https:\\\/\\\/techandtrust.com\\\/\",\"name\":\"Tech and Trust\",\"description\":\"Transformez votre organisation avec S\u00c9CURIT\u00c9 et CONFIANCE\",\"publisher\":{\"@id\":\"https:\\\/\\\/techandtrust.com\\\/#organization\"},\"potentialAction\":[{\"@type\":\"SearchAction\",\"target\":{\"@type\":\"EntryPoint\",\"urlTemplate\":\"https:\\\/\\\/techandtrust.com\\\/?s={search_term_string}\"},\"query-input\":{\"@type\":\"PropertyValueSpecification\",\"valueRequired\":true,\"valueName\":\"search_term_string\"}}],\"inLanguage\":\"fr-FR\"},{\"@type\":\"Organization\",\"@id\":\"https:\\\/\\\/techandtrust.com\\\/#organization\",\"name\":\"Tech and Trust\",\"url\":\"https:\\\/\\\/techandtrust.com\\\/\",\"logo\":{\"@type\":\"ImageObject\",\"inLanguage\":\"fr-FR\",\"@id\":\"https:\\\/\\\/techandtrust.com\\\/#\\\/schema\\\/logo\\\/image\\\/\",\"url\":\"https:\\\/\\\/techandtrust.com\\\/wp-content\\\/uploads\\\/2024\\\/04\\\/Fichier-3.svg\",\"contentUrl\":\"https:\\\/\\\/techandtrust.com\\\/wp-content\\\/uploads\\\/2024\\\/04\\\/Fichier-3.svg\",\"width\":136,\"height\":82,\"caption\":\"Tech and Trust\"},\"image\":{\"@id\":\"https:\\\/\\\/techandtrust.com\\\/#\\\/schema\\\/logo\\\/image\\\/\"}}]}<\/script>\n<!-- \/ Yoast SEO plugin. -->","yoast_head_json":{"title":"CGU - TechAndTrust","robots":{"index":"index","follow":"follow","max-snippet":"max-snippet:-1","max-image-preview":"max-image-preview:large","max-video-preview":"max-video-preview:-1"},"canonical":"https:\/\/techandtrust.com\/index.php\/cgu\/","og_locale":"fr_FR","og_type":"article","og_title":"CGU - TechAndTrust","og_description":"Conditions g\u00e9n\u00e9rales d&rsquo;utilisation Les pr\u00e9sentes conditions g\u00e9n\u00e9rales d\u2019utilisation (ci-apr\u00e8s les \u00ab CGU \u00bb) du site internet www.TechAndTrust.com ont pour objet l\u2019encadrement juridique des modalit\u00e9s de mise \u00e0 disposition du site exploit\u00e9 par la soci\u00e9t\u00e9 TechAndTrust Consulting, (ci-apr\u00e8s le \u00ab Site \u00bb), soci\u00e9t\u00e9 par actions simplifi\u00e9e au capital social de 449 866 euros, inscrite au RCS [&hellip;]","og_url":"https:\/\/techandtrust.com\/index.php\/cgu\/","og_site_name":"TechAndTrust","article_modified_time":"2025-06-20T15:45:48+00:00","twitter_card":"summary_large_image","twitter_misc":{"Dur\u00e9e de lecture estim\u00e9e":"5 minutes"},"schema":{"@context":"https:\/\/schema.org","@graph":[{"@type":"WebPage","@id":"https:\/\/techandtrust.com\/index.php\/cgu\/","url":"https:\/\/techandtrust.com\/index.php\/cgu\/","name":"CGU - TechAndTrust","isPartOf":{"@id":"https:\/\/techandtrust.com\/#website"},"datePublished":"2025-06-20T08:41:58+00:00","dateModified":"2025-06-20T15:45:48+00:00","breadcrumb":{"@id":"https:\/\/techandtrust.com\/index.php\/cgu\/#breadcrumb"},"inLanguage":"fr-FR","potentialAction":[{"@type":"ReadAction","target":["https:\/\/techandtrust.com\/index.php\/cgu\/"]}]},{"@type":"BreadcrumbList","@id":"https:\/\/techandtrust.com\/index.php\/cgu\/#breadcrumb","itemListElement":[{"@type":"ListItem","position":1,"name":"Accueil","item":"https:\/\/techandtrust.com\/"},{"@type":"ListItem","position":2,"name":"CGU"}]},{"@type":"WebSite","@id":"https:\/\/techandtrust.com\/#website","url":"https:\/\/techandtrust.com\/","name":"Tech and Trust","description":"Transformez votre organisation avec S\u00c9CURIT\u00c9 et CONFIANCE","publisher":{"@id":"https:\/\/techandtrust.com\/#organization"},"potentialAction":[{"@type":"SearchAction","target":{"@type":"EntryPoint","urlTemplate":"https:\/\/techandtrust.com\/?s={search_term_string}"},"query-input":{"@type":"PropertyValueSpecification","valueRequired":true,"valueName":"search_term_string"}}],"inLanguage":"fr-FR"},{"@type":"Organization","@id":"https:\/\/techandtrust.com\/#organization","name":"Tech and Trust","url":"https:\/\/techandtrust.com\/","logo":{"@type":"ImageObject","inLanguage":"fr-FR","@id":"https:\/\/techandtrust.com\/#\/schema\/logo\/image\/","url":"https:\/\/techandtrust.com\/wp-content\/uploads\/2024\/04\/Fichier-3.svg","contentUrl":"https:\/\/techandtrust.com\/wp-content\/uploads\/2024\/04\/Fichier-3.svg","width":136,"height":82,"caption":"Tech and Trust"},"image":{"@id":"https:\/\/techandtrust.com\/#\/schema\/logo\/image\/"}}]}},"_links":{"self":[{"href":"https:\/\/techandtrust.com\/index.php\/wp-json\/wp\/v2\/pages\/2551","targetHints":{"allow":["GET"]}}],"collection":[{"href":"https:\/\/techandtrust.com\/index.php\/wp-json\/wp\/v2\/pages"}],"about":[{"href":"https:\/\/techandtrust.com\/index.php\/wp-json\/wp\/v2\/types\/page"}],"author":[{"embeddable":true,"href":"https:\/\/techandtrust.com\/index.php\/wp-json\/wp\/v2\/users\/1"}],"replies":[{"embeddable":true,"href":"https:\/\/techandtrust.com\/index.php\/wp-json\/wp\/v2\/comments?post=2551"}],"version-history":[{"count":10,"href":"https:\/\/techandtrust.com\/index.php\/wp-json\/wp\/v2\/pages\/2551\/revisions"}],"predecessor-version":[{"id":2590,"href":"https:\/\/techandtrust.com\/index.php\/wp-json\/wp\/v2\/pages\/2551\/revisions\/2590"}],"wp:attachment":[{"href":"https:\/\/techandtrust.com\/index.php\/wp-json\/wp\/v2\/media?parent=2551"}],"curies":[{"name":"wp","href":"https:\/\/api.w.org\/{rel}","templated":true}]}}