{"id":1057,"date":"2024-04-28T17:13:14","date_gmt":"2024-04-28T15:13:14","guid":{"rendered":"https:\/\/tech-and-trust.com\/?page_id=1057"},"modified":"2025-06-18T12:23:08","modified_gmt":"2025-06-18T10:23:08","slug":"mentions-legales","status":"publish","type":"page","link":"https:\/\/techandtrust.com\/index.php\/mentions-legales\/","title":{"rendered":"Mentions l\u00e9gales"},"content":{"rendered":"\t\t<div data-elementor-type=\"wp-page\" data-elementor-id=\"1057\" class=\"elementor elementor-1057\" data-elementor-post-type=\"page\">\n\t\t\t\t<div class=\"elementor-element elementor-element-e647e65 e-flex e-con-boxed e-con e-parent\" data-id=\"e647e65\" data-element_type=\"container\" data-e-type=\"container\" data-settings=\"{&quot;background_background&quot;:&quot;classic&quot;,&quot;background_motion_fx_motion_fx_scrolling&quot;:&quot;yes&quot;,&quot;background_motion_fx_devices&quot;:[&quot;desktop&quot;,&quot;tablet&quot;,&quot;mobile&quot;]}\">\n\t\t\t\t\t<div class=\"e-con-inner\">\n\t\t<div class=\"elementor-element elementor-element-0dae803 e-con-full e-flex e-con e-child\" data-id=\"0dae803\" data-element_type=\"container\" data-e-type=\"container\">\n\t\t\t\t<div class=\"elementor-element elementor-element-f7b14e7 elementor-invisible elementor-widget elementor-widget-heading\" data-id=\"f7b14e7\" data-element_type=\"widget\" data-e-type=\"widget\" data-settings=\"{&quot;_animation&quot;:&quot;fadeInUp&quot;,&quot;_animation_delay&quot;:200}\" data-widget_type=\"heading.default\">\n\t\t\t\t<div class=\"elementor-widget-container\">\n\t\t\t\t\t<h1 class=\"elementor-heading-title elementor-size-default\">Mentions l\u00e9gales<\/h1>\t\t\t\t<\/div>\n\t\t\t\t<\/div>\n\t\t\t\t<\/div>\n\t\t\t\t\t<\/div>\n\t\t\t\t<\/div>\n\t\t<div class=\"elementor-element elementor-element-ce71aef e-flex e-con-boxed e-con e-parent\" data-id=\"ce71aef\" data-element_type=\"container\" data-e-type=\"container\">\n\t\t\t\t\t<div class=\"e-con-inner\">\n\t\t\t\t<div class=\"elementor-element elementor-element-dfb5f5f elementor-widget elementor-widget-text-editor\" data-id=\"dfb5f5f\" data-element_type=\"widget\" data-e-type=\"widget\" data-widget_type=\"text-editor.default\">\n\t\t\t\t<div class=\"elementor-widget-container\">\n\t\t\t\t\t\t\t\t\t<div><strong>MENTIONS L\u00c9GALES<\/strong><\/div><div>Conform\u00e9ment aux dispositions de la loi n\u00b02004-575 du 21 juin 2004 pour la Confiance en l\u2019\u00e9conomie num\u00e9rique, il est port\u00e9 \u00e0 la connaissance des utilisateurs et visiteurs, ci-apr\u00e8s l\u2019\u00a0\u00ab\u00a0Utilisateur\u00a0\u00bb, du site\u00a0<u><a id=\"m_4952438799169869348OWAef035868-6cb0-be1f-357b-dbc8f604e341\" href=\"http:\/\/www.techandtrust.com\/\" target=\"_blank\" rel=\"noopener\" data-saferedirecturl=\"https:\/\/www.google.com\/url?q=http:\/\/www.TechAndTrust.com&amp;source=gmail&amp;ust=1750328472702000&amp;usg=AOvVaw0dWWb5FWUDzaQuA1E--46T\">www.TechAndTrust.com<\/a><\/u>, ci-apr\u00e8s le \u00ab\u00a0Site\u00a0\u00bb, les pr\u00e9sentes mentions l\u00e9gales.<\/div><div>La connexion et la navigation sur le Site par l\u2019Utilisateur implique acceptation int\u00e9grale et sans r\u00e9serve des pr\u00e9sentes mentions l\u00e9gales.<\/div><div>Ces derni\u00e8res sont accessibles sur le site \u00e0 la rubrique \u00ab\u00a0Mentions l\u00e9gales\u00a0\u00bb.<\/div><div>\u00a0<\/div><div><strong>\u00c9DITION DU SITE<\/strong><\/div><div>Le site\u00a0<a href=\"http:\/\/www.techandtrust.com\/\" target=\"_blank\" rel=\"noopener\" data-saferedirecturl=\"https:\/\/www.google.com\/url?q=http:\/\/www.TechAndTrust.com&amp;source=gmail&amp;ust=1750328472702000&amp;usg=AOvVaw0dWWb5FWUDzaQuA1E--46T\">www.TechAndTrust.com<\/a>\u00a0est \u00e9dit\u00e9 et exploit\u00e9 par la soci\u00e9t\u00e9 TechAndTrust Consulting, soci\u00e9t\u00e9 par actions simplifi\u00e9e au capital de 449 866 euros, inscrite au RCS de Nanterre sous le num\u00e9ro 924\u00a0930 456, dont le si\u00e8ge social est situ\u00e9 57, avenue Girardin Binet, 92 700 Colombes.<\/div><div>Le directeur de la publication est Mehdi Kallel.<\/div><div>Num\u00e9ro de\u00a0t\u00e9l\u00e9phone :\u00a001 83 64 70 73<\/div><div>Adresse\u00a0email :\u00a0Contact@TechAndTrust.com<\/div><div>Num\u00e9ro de TVA intra-communautaire :\u00a0FR68924930456<\/div><div>\u00a0<\/div><div><strong>H\u00c9BERGEMENT<\/strong><\/div><div>L\u2019h\u00e9bergeur du site est la soci\u00e9t\u00e9 OVH dont le si\u00e8ge est situ\u00e9 au 2 rue Kellermann, 59 100 ROUBAIX \u2013 Num\u00e9ro de t\u00e9l\u00e9phone\u00a0:\u00a0<u>09 72 10 10 07<\/u><\/div>\t\t\t\t\t\t\t\t<\/div>\n\t\t\t\t<\/div>\n\t\t\t\t\t<\/div>\n\t\t\t\t<\/div>\n\t\t\t\t<\/div>\n\t\t","protected":false},"excerpt":{"rendered":"<p>Mentions l\u00e9gales MENTIONS L\u00c9GALESConform\u00e9ment aux dispositions de la loi n\u00b02004-575 du 21 juin 2004 pour la Confiance en l\u2019\u00e9conomie num\u00e9rique, il est port\u00e9 \u00e0 la connaissance des utilisateurs et visiteurs, ci-apr\u00e8s l\u2019\u00a0\u00ab\u00a0Utilisateur\u00a0\u00bb, du site\u00a0www.TechAndTrust.com, ci-apr\u00e8s le \u00ab\u00a0Site\u00a0\u00bb, les pr\u00e9sentes mentions l\u00e9gales.La connexion et la navigation sur le Site par l\u2019Utilisateur implique acceptation int\u00e9grale et sans [&hellip;]<\/p>\n","protected":false},"author":1,"featured_media":0,"parent":0,"menu_order":0,"comment_status":"closed","ping_status":"closed","template":"elementor_header_footer","meta":{"footnotes":""},"class_list":["post-1057","page","type-page","status-publish","hentry"],"yoast_head":"<!-- This site is optimized with the Yoast SEO plugin v27.5 - https:\/\/yoast.com\/product\/yoast-seo-wordpress\/ -->\n<title>Mentions l\u00e9gales - TechAndTrust<\/title>\n<meta name=\"robots\" content=\"index, follow, max-snippet:-1, max-image-preview:large, max-video-preview:-1\" \/>\n<link rel=\"canonical\" href=\"https:\/\/techandtrust.com\/index.php\/mentions-legales\/\" \/>\n<meta property=\"og:locale\" content=\"fr_FR\" \/>\n<meta property=\"og:type\" content=\"article\" \/>\n<meta property=\"og:title\" content=\"Mentions l\u00e9gales - TechAndTrust\" \/>\n<meta property=\"og:description\" content=\"Mentions l\u00e9gales MENTIONS L\u00c9GALESConform\u00e9ment aux dispositions de la loi n\u00b02004-575 du 21 juin 2004 pour la Confiance en l\u2019\u00e9conomie num\u00e9rique, il est port\u00e9 \u00e0 la connaissance des utilisateurs et visiteurs, ci-apr\u00e8s l\u2019\u00a0\u00ab\u00a0Utilisateur\u00a0\u00bb, du site\u00a0www.TechAndTrust.com, ci-apr\u00e8s le \u00ab\u00a0Site\u00a0\u00bb, les pr\u00e9sentes mentions l\u00e9gales.La connexion et la navigation sur le Site par l\u2019Utilisateur implique acceptation int\u00e9grale et sans [&hellip;]\" \/>\n<meta property=\"og:url\" content=\"https:\/\/techandtrust.com\/index.php\/mentions-legales\/\" \/>\n<meta property=\"og:site_name\" content=\"TechAndTrust\" \/>\n<meta property=\"article:modified_time\" content=\"2025-06-18T10:23:08+00:00\" \/>\n<meta name=\"twitter:card\" content=\"summary_large_image\" \/>\n<meta name=\"twitter:label1\" content=\"Dur\u00e9e de lecture estim\u00e9e\" \/>\n\t<meta name=\"twitter:data1\" content=\"1 minute\" \/>\n<script type=\"application\/ld+json\" class=\"yoast-schema-graph\">{\"@context\":\"https:\\\/\\\/schema.org\",\"@graph\":[{\"@type\":\"WebPage\",\"@id\":\"https:\\\/\\\/techandtrust.com\\\/index.php\\\/mentions-legales\\\/\",\"url\":\"https:\\\/\\\/techandtrust.com\\\/index.php\\\/mentions-legales\\\/\",\"name\":\"Mentions l\u00e9gales - TechAndTrust\",\"isPartOf\":{\"@id\":\"https:\\\/\\\/techandtrust.com\\\/#website\"},\"datePublished\":\"2024-04-28T15:13:14+00:00\",\"dateModified\":\"2025-06-18T10:23:08+00:00\",\"breadcrumb\":{\"@id\":\"https:\\\/\\\/techandtrust.com\\\/index.php\\\/mentions-legales\\\/#breadcrumb\"},\"inLanguage\":\"fr-FR\",\"potentialAction\":[{\"@type\":\"ReadAction\",\"target\":[\"https:\\\/\\\/techandtrust.com\\\/index.php\\\/mentions-legales\\\/\"]}]},{\"@type\":\"BreadcrumbList\",\"@id\":\"https:\\\/\\\/techandtrust.com\\\/index.php\\\/mentions-legales\\\/#breadcrumb\",\"itemListElement\":[{\"@type\":\"ListItem\",\"position\":1,\"name\":\"Accueil\",\"item\":\"https:\\\/\\\/techandtrust.com\\\/\"},{\"@type\":\"ListItem\",\"position\":2,\"name\":\"Mentions l\u00e9gales\"}]},{\"@type\":\"WebSite\",\"@id\":\"https:\\\/\\\/techandtrust.com\\\/#website\",\"url\":\"https:\\\/\\\/techandtrust.com\\\/\",\"name\":\"Tech and Trust\",\"description\":\"Transformez votre organisation avec S\u00c9CURIT\u00c9 et CONFIANCE\",\"publisher\":{\"@id\":\"https:\\\/\\\/techandtrust.com\\\/#organization\"},\"potentialAction\":[{\"@type\":\"SearchAction\",\"target\":{\"@type\":\"EntryPoint\",\"urlTemplate\":\"https:\\\/\\\/techandtrust.com\\\/?s={search_term_string}\"},\"query-input\":{\"@type\":\"PropertyValueSpecification\",\"valueRequired\":true,\"valueName\":\"search_term_string\"}}],\"inLanguage\":\"fr-FR\"},{\"@type\":\"Organization\",\"@id\":\"https:\\\/\\\/techandtrust.com\\\/#organization\",\"name\":\"Tech and Trust\",\"url\":\"https:\\\/\\\/techandtrust.com\\\/\",\"logo\":{\"@type\":\"ImageObject\",\"inLanguage\":\"fr-FR\",\"@id\":\"https:\\\/\\\/techandtrust.com\\\/#\\\/schema\\\/logo\\\/image\\\/\",\"url\":\"https:\\\/\\\/techandtrust.com\\\/wp-content\\\/uploads\\\/2024\\\/04\\\/Fichier-3.svg\",\"contentUrl\":\"https:\\\/\\\/techandtrust.com\\\/wp-content\\\/uploads\\\/2024\\\/04\\\/Fichier-3.svg\",\"width\":136,\"height\":82,\"caption\":\"Tech and Trust\"},\"image\":{\"@id\":\"https:\\\/\\\/techandtrust.com\\\/#\\\/schema\\\/logo\\\/image\\\/\"}}]}<\/script>\n<!-- \/ Yoast SEO plugin. -->","yoast_head_json":{"title":"Mentions l\u00e9gales - TechAndTrust","robots":{"index":"index","follow":"follow","max-snippet":"max-snippet:-1","max-image-preview":"max-image-preview:large","max-video-preview":"max-video-preview:-1"},"canonical":"https:\/\/techandtrust.com\/index.php\/mentions-legales\/","og_locale":"fr_FR","og_type":"article","og_title":"Mentions l\u00e9gales - TechAndTrust","og_description":"Mentions l\u00e9gales MENTIONS L\u00c9GALESConform\u00e9ment aux dispositions de la loi n\u00b02004-575 du 21 juin 2004 pour la Confiance en l\u2019\u00e9conomie num\u00e9rique, il est port\u00e9 \u00e0 la connaissance des utilisateurs et visiteurs, ci-apr\u00e8s l\u2019\u00a0\u00ab\u00a0Utilisateur\u00a0\u00bb, du site\u00a0www.TechAndTrust.com, ci-apr\u00e8s le \u00ab\u00a0Site\u00a0\u00bb, les pr\u00e9sentes mentions l\u00e9gales.La connexion et la navigation sur le Site par l\u2019Utilisateur implique acceptation int\u00e9grale et sans [&hellip;]","og_url":"https:\/\/techandtrust.com\/index.php\/mentions-legales\/","og_site_name":"TechAndTrust","article_modified_time":"2025-06-18T10:23:08+00:00","twitter_card":"summary_large_image","twitter_misc":{"Dur\u00e9e de lecture estim\u00e9e":"1 minute"},"schema":{"@context":"https:\/\/schema.org","@graph":[{"@type":"WebPage","@id":"https:\/\/techandtrust.com\/index.php\/mentions-legales\/","url":"https:\/\/techandtrust.com\/index.php\/mentions-legales\/","name":"Mentions l\u00e9gales - TechAndTrust","isPartOf":{"@id":"https:\/\/techandtrust.com\/#website"},"datePublished":"2024-04-28T15:13:14+00:00","dateModified":"2025-06-18T10:23:08+00:00","breadcrumb":{"@id":"https:\/\/techandtrust.com\/index.php\/mentions-legales\/#breadcrumb"},"inLanguage":"fr-FR","potentialAction":[{"@type":"ReadAction","target":["https:\/\/techandtrust.com\/index.php\/mentions-legales\/"]}]},{"@type":"BreadcrumbList","@id":"https:\/\/techandtrust.com\/index.php\/mentions-legales\/#breadcrumb","itemListElement":[{"@type":"ListItem","position":1,"name":"Accueil","item":"https:\/\/techandtrust.com\/"},{"@type":"ListItem","position":2,"name":"Mentions l\u00e9gales"}]},{"@type":"WebSite","@id":"https:\/\/techandtrust.com\/#website","url":"https:\/\/techandtrust.com\/","name":"Tech and Trust","description":"Transformez votre organisation avec S\u00c9CURIT\u00c9 et CONFIANCE","publisher":{"@id":"https:\/\/techandtrust.com\/#organization"},"potentialAction":[{"@type":"SearchAction","target":{"@type":"EntryPoint","urlTemplate":"https:\/\/techandtrust.com\/?s={search_term_string}"},"query-input":{"@type":"PropertyValueSpecification","valueRequired":true,"valueName":"search_term_string"}}],"inLanguage":"fr-FR"},{"@type":"Organization","@id":"https:\/\/techandtrust.com\/#organization","name":"Tech and Trust","url":"https:\/\/techandtrust.com\/","logo":{"@type":"ImageObject","inLanguage":"fr-FR","@id":"https:\/\/techandtrust.com\/#\/schema\/logo\/image\/","url":"https:\/\/techandtrust.com\/wp-content\/uploads\/2024\/04\/Fichier-3.svg","contentUrl":"https:\/\/techandtrust.com\/wp-content\/uploads\/2024\/04\/Fichier-3.svg","width":136,"height":82,"caption":"Tech and Trust"},"image":{"@id":"https:\/\/techandtrust.com\/#\/schema\/logo\/image\/"}}]}},"_links":{"self":[{"href":"https:\/\/techandtrust.com\/index.php\/wp-json\/wp\/v2\/pages\/1057","targetHints":{"allow":["GET"]}}],"collection":[{"href":"https:\/\/techandtrust.com\/index.php\/wp-json\/wp\/v2\/pages"}],"about":[{"href":"https:\/\/techandtrust.com\/index.php\/wp-json\/wp\/v2\/types\/page"}],"author":[{"embeddable":true,"href":"https:\/\/techandtrust.com\/index.php\/wp-json\/wp\/v2\/users\/1"}],"replies":[{"embeddable":true,"href":"https:\/\/techandtrust.com\/index.php\/wp-json\/wp\/v2\/comments?post=1057"}],"version-history":[{"count":3,"href":"https:\/\/techandtrust.com\/index.php\/wp-json\/wp\/v2\/pages\/1057\/revisions"}],"predecessor-version":[{"id":2550,"href":"https:\/\/techandtrust.com\/index.php\/wp-json\/wp\/v2\/pages\/1057\/revisions\/2550"}],"wp:attachment":[{"href":"https:\/\/techandtrust.com\/index.php\/wp-json\/wp\/v2\/media?parent=1057"}],"curies":[{"name":"wp","href":"https:\/\/api.w.org\/{rel}","templated":true}]}}